{"id":76,"date":"2025-07-19T08:55:53","date_gmt":"2025-07-19T08:55:53","guid":{"rendered":"https:\/\/www.andrew-photographic-project.be\/?page_id=76"},"modified":"2025-07-19T08:55:53","modified_gmt":"2025-07-19T08:55:53","slug":"seances","status":"publish","type":"page","link":"https:\/\/www.andrew-photographic-project.be\/?page_id=76","title":{"rendered":"S\u00e9ances"},"content":{"rendered":"\n<p><strong>Bienvenue dans la section \u201cS\u00e9ances\u201d.<\/strong><br>Ce sont ici les projets o\u00f9 je collabore avec des mod\u00e8les pour explorer la lumi\u00e8re, l\u2019ambiance, la posture et l\u2019esth\u00e9tique. Chaque s\u00e9ance est l\u2019occasion d\u2019exp\u00e9rimenter, de composer une image, de tester un nouveau style ou un concept visuel.<\/p>\n\n\n\n<p>Tu y trouveras une description du th\u00e8me de la s\u00e9ance, des coulisses du shooting, les intentions artistiques, les lieux choisis\u2026 et bien s\u00fbr, les images finales seront publi\u00e9es dans cette m\u00eame section Galerie d\u00e9di\u00e9e.<\/p>\n\n\n\n<p>Avant toute s\u00e9ance, un <strong>contrat de collaboration<\/strong> est sign\u00e9 d\u2019un commun accord entre le mod\u00e8le et moi, afin de garantir un cadre clair, respectueux et professionnel pour chacun. Un <strong>avenant sp\u00e9cifique<\/strong> est ensuite \u00e9tabli pour chaque s\u00e9ance, pr\u00e9cisant la <strong>date<\/strong>, le ou les <strong>lieux<\/strong>, ainsi que le <strong>th\u00e8me abord\u00e9<\/strong>.<\/p>\n\n\n\n<p>Cette section refl\u00e8te mon envie de raconter \u00e0 travers des visages, des \u00e9motions, des mouvements \u2014 un travail intime, direct et sinc\u00e8re.<\/p>\n","protected":false},"excerpt":{"rendered":"<p>Bienvenue dans la section \u201cS\u00e9ances\u201d.Ce sont ici les projets o\u00f9 je collabore avec des mod\u00e8les pour explorer la lumi\u00e8re, l\u2019ambiance, la posture et l\u2019esth\u00e9tique. Chaque s\u00e9ance est l\u2019occasion d\u2019exp\u00e9rimenter, de composer une image, de tester un nouveau style ou un concept visuel. Tu y trouveras une description du th\u00e8me de la s\u00e9ance, des coulisses du shooting, les intentions artistiques, les lieux choisis\u2026 et bien s\u00fbr, les images finales seront publi\u00e9es dans cette m\u00eame section Galerie d\u00e9di\u00e9e. Avant toute s\u00e9ance, un contrat de collaboration est sign\u00e9 d\u2019un commun accord entre le mod\u00e8le et moi, afin de garantir un cadre clair, respectueux et professionnel pour chacun. Un avenant sp\u00e9cifique est ensuite \u00e9tabli pour chaque s\u00e9ance, pr\u00e9cisant la date, le ou les lieux, ainsi que le th\u00e8me abord\u00e9. Cette section refl\u00e8te mon envie de raconter \u00e0 travers des visages, des \u00e9motions, des mouvements \u2014 un travail intime, direct et sinc\u00e8re.<\/p>\n","protected":false},"author":1,"featured_media":0,"parent":0,"menu_order":0,"comment_status":"closed","ping_status":"closed","template":"","meta":{"footnotes":""},"class_list":["post-76","page","type-page","status-publish","hentry"],"_links":{"self":[{"href":"https:\/\/www.andrew-photographic-project.be\/index.php?rest_route=\/wp\/v2\/pages\/76","targetHints":{"allow":["GET"]}}],"collection":[{"href":"https:\/\/www.andrew-photographic-project.be\/index.php?rest_route=\/wp\/v2\/pages"}],"about":[{"href":"https:\/\/www.andrew-photographic-project.be\/index.php?rest_route=\/wp\/v2\/types\/page"}],"author":[{"embeddable":true,"href":"https:\/\/www.andrew-photographic-project.be\/index.php?rest_route=\/wp\/v2\/users\/1"}],"replies":[{"embeddable":true,"href":"https:\/\/www.andrew-photographic-project.be\/index.php?rest_route=%2Fwp%2Fv2%2Fcomments&post=76"}],"version-history":[{"count":1,"href":"https:\/\/www.andrew-photographic-project.be\/index.php?rest_route=\/wp\/v2\/pages\/76\/revisions"}],"predecessor-version":[{"id":77,"href":"https:\/\/www.andrew-photographic-project.be\/index.php?rest_route=\/wp\/v2\/pages\/76\/revisions\/77"}],"wp:attachment":[{"href":"https:\/\/www.andrew-photographic-project.be\/index.php?rest_route=%2Fwp%2Fv2%2Fmedia&parent=76"}],"curies":[{"name":"wp","href":"https:\/\/api.w.org\/{rel}","templated":true}]}}