{"id":72,"date":"2025-07-19T08:17:30","date_gmt":"2025-07-19T08:17:30","guid":{"rendered":"https:\/\/www.andrew-photographic-project.be\/?page_id=72"},"modified":"2026-01-08T13:46:14","modified_gmt":"2026-01-08T13:46:14","slug":"les-expos","status":"publish","type":"page","link":"https:\/\/www.andrew-photographic-project.be\/?page_id=72","title":{"rendered":"Les expos"},"content":{"rendered":"\n<p><strong>Bienvenue dans l\u2019espace d\u00e9di\u00e9 \u00e0 mes expositions.<\/strong><\/p>\n\n\n\n<p>En tant que photographe amateur, chaque exposition est pour moi une \u00e9tape pr\u00e9cieuse : une occasion de partager mes images avec le public, de provoquer des \u00e9motions, d\u2019ouvrir des dialogues, et parfois m\u00eame de me confronter \u00e0 d\u2019autres regards.<\/p>\n\n\n\n<p>Dans cette section, vous trouverez les expositions pass\u00e9es, en cours, ou \u00e0 venir \u2014 avec \u00e0 chaque fois une pr\u00e9sentation du projet, quelques extraits d\u2019images, les dates, les lieux, et ce que j\u2019ai voulu transmettre \u00e0 travers ces s\u00e9ries.<\/p>\n\n\n\n<p>J\u2019esp\u00e8re que vous y d\u00e9couvrirez des fragments de lumi\u00e8re, de flou, d\u2019humanit\u00e9\u2026 et peut-\u00eatre un peu de vous-m\u00eames.<\/p>\n\n\n\n<p>Pour chaque exposition publi\u00e9e, ici, il faudra me demander le mot de passe, afin de garder un peu de secret sur le travail qui est ou avait \u00e9t\u00e9 expos\u00e9<\/p>\n\n\n\n<ul class=\"wp-block-list\">\n<li><strong><em>Office du Tourisme de Cerfontaine<\/em><\/strong>, <em>du 1<sup>er<\/sup> au 31 mars 2021 (<\/em><em>Place de l\u2019\u00c9glise 9, 5630 Cerfontaine)<\/em>\n<ul class=\"wp-block-list\">\n<li>Premi\u00e8re exposition apr\u00e8s le Covid-19: pas de th\u00e8me officiel, puisque nous sortions du confinement et qu&rsquo;il y avait encore des r\u00e8gles sanitaires.<\/li>\n<\/ul>\n<\/li>\n<\/ul>\n","protected":false},"excerpt":{"rendered":"<p>Bienvenue dans l\u2019espace d\u00e9di\u00e9 \u00e0 mes expositions. En tant que photographe amateur, chaque exposition est pour moi une \u00e9tape pr\u00e9cieuse : une occasion de partager mes images avec le public, de provoquer des \u00e9motions, d\u2019ouvrir des dialogues, et parfois m\u00eame de me confronter \u00e0 d\u2019autres regards. Dans cette section, vous trouverez les expositions pass\u00e9es, en cours, ou \u00e0 venir \u2014 avec \u00e0 chaque fois une pr\u00e9sentation du projet, quelques extraits d\u2019images, les dates, les lieux, et ce que j\u2019ai voulu transmettre \u00e0 travers ces s\u00e9ries. J\u2019esp\u00e8re que vous y d\u00e9couvrirez des fragments de lumi\u00e8re, de flou, d\u2019humanit\u00e9\u2026 et peut-\u00eatre un peu de vous-m\u00eames. Pour chaque exposition publi\u00e9e, ici, il faudra me demander le mot de passe, afin de garder un peu de secret sur le travail qui est ou avait \u00e9t\u00e9 expos\u00e9<\/p>\n","protected":false},"author":1,"featured_media":0,"parent":0,"menu_order":0,"comment_status":"closed","ping_status":"closed","template":"","meta":{"footnotes":""},"class_list":["post-72","page","type-page","status-publish","hentry"],"_links":{"self":[{"href":"https:\/\/www.andrew-photographic-project.be\/index.php?rest_route=\/wp\/v2\/pages\/72","targetHints":{"allow":["GET"]}}],"collection":[{"href":"https:\/\/www.andrew-photographic-project.be\/index.php?rest_route=\/wp\/v2\/pages"}],"about":[{"href":"https:\/\/www.andrew-photographic-project.be\/index.php?rest_route=\/wp\/v2\/types\/page"}],"author":[{"embeddable":true,"href":"https:\/\/www.andrew-photographic-project.be\/index.php?rest_route=\/wp\/v2\/users\/1"}],"replies":[{"embeddable":true,"href":"https:\/\/www.andrew-photographic-project.be\/index.php?rest_route=%2Fwp%2Fv2%2Fcomments&post=72"}],"version-history":[{"count":3,"href":"https:\/\/www.andrew-photographic-project.be\/index.php?rest_route=\/wp\/v2\/pages\/72\/revisions"}],"predecessor-version":[{"id":395,"href":"https:\/\/www.andrew-photographic-project.be\/index.php?rest_route=\/wp\/v2\/pages\/72\/revisions\/395"}],"wp:attachment":[{"href":"https:\/\/www.andrew-photographic-project.be\/index.php?rest_route=%2Fwp%2Fv2%2Fmedia&parent=72"}],"curies":[{"name":"wp","href":"https:\/\/api.w.org\/{rel}","templated":true}]}}