{"id":70,"date":"2025-07-19T07:40:24","date_gmt":"2025-07-19T07:40:24","guid":{"rendered":"https:\/\/www.andrew-photographic-project.be\/?page_id=70"},"modified":"2025-07-19T07:40:24","modified_gmt":"2025-07-19T07:40:24","slug":"news","status":"publish","type":"page","link":"https:\/\/www.andrew-photographic-project.be\/?page_id=70","title":{"rendered":"News"},"content":{"rendered":"\n<p><strong>Bienvenue dans la section News de mon site.<\/strong><\/p>\n\n\n\n<p>Ici, je partage ce qui se passe <em>c\u00f4t\u00e9 coulisses<\/em> : les annonces, les projets \u00e0 venir, les \u00e9v\u00e9nements auxquels je vais participer, les recherches que je m\u00e8ne, ou encore des r\u00e9flexions personnelles sur ma d\u00e9marche de photographe amateur.<\/p>\n\n\n\n<p>Les photos et reportages complets seront publi\u00e9s dans leurs sections respectives (S\u00e9ances, \u00c9v\u00e9nements, etc.), mais cette page vous permettra d\u2019avoir une vision globale de mon actualit\u00e9, un peu comme un fil conducteur de mon aventure artistique.<\/p>\n\n\n\n<p>Merci de me suivre et \u00e0 tr\u00e8s bient\u00f4t pour de nouvelles nouvelles !<\/p>\n","protected":false},"excerpt":{"rendered":"<p>Bienvenue dans la section News de mon site. Ici, je partage ce qui se passe c\u00f4t\u00e9 coulisses : les annonces, les projets \u00e0 venir, les \u00e9v\u00e9nements auxquels je vais participer, les recherches que je m\u00e8ne, ou encore des r\u00e9flexions personnelles sur ma d\u00e9marche de photographe amateur. Les photos et reportages complets seront publi\u00e9s dans leurs sections respectives (S\u00e9ances, \u00c9v\u00e9nements, etc.), mais cette page vous permettra d\u2019avoir une vision globale de mon actualit\u00e9, un peu comme un fil conducteur de mon aventure artistique. Merci de me suivre et \u00e0 tr\u00e8s bient\u00f4t pour de nouvelles nouvelles !<\/p>\n","protected":false},"author":1,"featured_media":0,"parent":0,"menu_order":0,"comment_status":"closed","ping_status":"closed","template":"","meta":{"footnotes":""},"class_list":["post-70","page","type-page","status-publish","hentry"],"_links":{"self":[{"href":"https:\/\/www.andrew-photographic-project.be\/index.php?rest_route=\/wp\/v2\/pages\/70","targetHints":{"allow":["GET"]}}],"collection":[{"href":"https:\/\/www.andrew-photographic-project.be\/index.php?rest_route=\/wp\/v2\/pages"}],"about":[{"href":"https:\/\/www.andrew-photographic-project.be\/index.php?rest_route=\/wp\/v2\/types\/page"}],"author":[{"embeddable":true,"href":"https:\/\/www.andrew-photographic-project.be\/index.php?rest_route=\/wp\/v2\/users\/1"}],"replies":[{"embeddable":true,"href":"https:\/\/www.andrew-photographic-project.be\/index.php?rest_route=%2Fwp%2Fv2%2Fcomments&post=70"}],"version-history":[{"count":1,"href":"https:\/\/www.andrew-photographic-project.be\/index.php?rest_route=\/wp\/v2\/pages\/70\/revisions"}],"predecessor-version":[{"id":71,"href":"https:\/\/www.andrew-photographic-project.be\/index.php?rest_route=\/wp\/v2\/pages\/70\/revisions\/71"}],"wp:attachment":[{"href":"https:\/\/www.andrew-photographic-project.be\/index.php?rest_route=%2Fwp%2Fv2%2Fmedia&parent=70"}],"curies":[{"name":"wp","href":"https:\/\/api.w.org\/{rel}","templated":true}]}}